{"id":532,"date":"2021-01-23T13:16:54","date_gmt":"2021-01-23T06:16:54","guid":{"rendered":"http:\/\/ttc-solutions.com\/about\/"},"modified":"2023-04-06T18:04:07","modified_gmt":"2023-04-06T11:04:07","slug":"about","status":"publish","type":"page","link":"https:\/\/ttc-solutions.com\/vi\/about\/","title":{"rendered":"V\u1ec1 ch\u00fang t\u00f4i"},"content":{"rendered":"<section id=\"devvn-block_6012c67a866ec\" class=\"devvn-text-image left\" style=\"background-color: #ffffff\">\n    <div class=\"container\">\n                <div class=\"row\">\n        <div class=\"block-text-image-img\" >\n            <img decoding=\"async\" src=\"https:\/\/ttc-solutions.com\/wp-content\/uploads\/2021\/01\/About.svg\" alt=\"\">\n        <\/div>\n        <div class=\"block-text-image-content\">\n                            <div class=\"sub-title\" >About<\/div>\n                                        <h2 class=\"section-title\" >C\u00f9ng ch\u00fang t\u00f4i &#8211; TTC Solutions x\u00e2y d\u1ef1ng t\u01b0\u01a1ng lai!<\/h2>\n                                        <div class=\"section-description\" ><p><span style=\"font-family: tahoma, arial, helvetica, sans-serif;\" data-sheets-value=\"{&quot;1&quot;:2,&quot;2&quot;:&quot;TTC Solutions l\u00e0 \u0111\u01a1n v\u1ecb cung c\u1ea5p gi\u1ea3i ph\u00e1p v\u00e0 d\u1ecbch v\u1ee5 IT ch\u1ea5t l\u01b0\u1ee3ng cao h\u00e0ng \u0111\u1ea7u Vi\u1ec7t Nam. V\u1edbi \u0111\u1ed9i ng\u0169 nh\u00e2n s\u1ef1 gi\u00e0u kinh nghi\u1ec7m v\u00e0 chuy\u00ean m\u00f4n v\u1eefng ch\u1eafc, ch\u00fang t\u00f4i t\u1ef1 h\u00e0o \u0111\u00e3 tri\u1ec3n khai th\u00e0nh c\u00f4ng h\u01a1n 20 d\u1ef1 \u00e1n l\u1edbn v\u00e0 nh\u1ecf trong nhi\u1ec1u l\u0129nh v\u1ef1c, tr\u1edf th\u00e0nh \u0111\u1ed1i t\u00e1c tin c\u1eady c\u1ee7a c\u00e1c doanh nghi\u1ec7p trong v\u00e0 ngo\u00e0i n\u01b0\u1edbc&quot;}\" data-sheets-userformat=\"{&quot;2&quot;:897,&quot;3&quot;:{&quot;1&quot;:0},&quot;10&quot;:0,&quot;11&quot;:4,&quot;12&quot;:0}\">TTC Solutions l\u00e0 \u0111\u01a1n v\u1ecb cung c\u1ea5p gi\u1ea3i ph\u00e1p v\u00e0 d\u1ecbch v\u1ee5 IT ch\u1ea5t l\u01b0\u1ee3ng cao h\u00e0ng \u0111\u1ea7u Vi\u1ec7t Nam. V\u1edbi \u0111\u1ed9i ng\u0169 nh\u00e2n s\u1ef1 gi\u00e0u kinh nghi\u1ec7m v\u00e0 chuy\u00ean m\u00f4n v\u1eefng ch\u1eafc, ch\u00fang t\u00f4i t\u1ef1 h\u00e0o \u0111\u00e3 tri\u1ec3n khai th\u00e0nh c\u00f4ng h\u01a1n 20 d\u1ef1 \u00e1n l\u1edbn v\u00e0 nh\u1ecf trong nhi\u1ec1u l\u0129nh v\u1ef1c, tr\u1edf th\u00e0nh \u0111\u1ed1i t\u00e1c tin c\u1eady c\u1ee7a c\u00e1c doanh nghi\u1ec7p trong v\u00e0 ngo\u00e0i n\u01b0\u1edbc.<\/span><\/p>\n<p><span style=\"font-family: tahoma, arial, helvetica, sans-serif;\" data-sheets-value=\"{&quot;1&quot;:2,&quot;2&quot;:&quot;Th\u00e0nh l\u1eadp n\u0103m 2016 v\u1edbi s\u1ee9 m\u1ec7nh mang l\u1ea1i gi\u1ea3i ph\u00e1p c\u00f4ng ngh\u1ec7 gi\u00e1 tr\u1ecb v\u00e0 tr\u1ea3i nghi\u1ec7m v\u01b0\u1ee3t tr\u1ed9i cho ng\u01b0\u1eddi d\u00f9ng to\u00e0n c\u1ea7u, TTC Solutions \u0111\u00e3 v\u00e0 \u0111ang kh\u00f4ng ng\u1eebng ph\u00e1t tri\u1ec3n, m\u1edf r\u1ed9ng ho\u1ea1t \u0111\u1ed9ng kinh doanh, \u0111\u1ea1t m\u1ee5c ti\u00eau tr\u1edf th\u00e0nh th\u01b0\u01a1ng hi\u1ec7u n\u1eb1m trong top 100 c\u00f4ng ty c\u00f4ng ngh\u1ec7 gi\u00e1 tr\u1ecb h\u00e0ng \u0111\u1ea7u ch\u00e2u \u00c1. &quot;}\" data-sheets-userformat=\"{&quot;2&quot;:769,&quot;3&quot;:{&quot;1&quot;:0},&quot;11&quot;:4,&quot;12&quot;:0}\">Th\u00e0nh l\u1eadp n\u0103m 2016 v\u1edbi s\u1ee9 m\u1ec7nh mang l\u1ea1i gi\u1ea3i ph\u00e1p c\u00f4ng ngh\u1ec7 gi\u00e1 tr\u1ecb v\u00e0 tr\u1ea3i nghi\u1ec7m v\u01b0\u1ee3t tr\u1ed9i cho ng\u01b0\u1eddi d\u00f9ng to\u00e0n c\u1ea7u, TTC Solutions \u0111\u00e3 v\u00e0 \u0111ang kh\u00f4ng ng\u1eebng ph\u00e1t tri\u1ec3n, m\u1edf r\u1ed9ng ho\u1ea1t \u0111\u1ed9ng kinh doanh, \u0111\u1ea1t m\u1ee5c ti\u00eau tr\u1edf th\u00e0nh th\u01b0\u01a1ng hi\u1ec7u n\u1eb1m trong top 100 c\u00f4ng ty c\u00f4ng ngh\u1ec7 gi\u00e1 tr\u1ecb h\u00e0ng \u0111\u1ea7u ch\u00e2u \u00c1. <\/span><\/p>\n<div class=\"pfnyh3mw ewlkfwdl bp9cbjyn j83agx80 qnrpqo6b\">\n<div class=\"\">\n<div class=\"lzcic4wl\" tabindex=\"0\" role=\"gridcell\" data-scope=\"messages_table\">\n<div class=\"oajrlxb2 gs1a9yip g5ia77u1 mtkw9kbi tlpljxtp qensuy8j ppp5ayq2 goun2846 ccm00jje s44p3ltw mk2mc5f4 rt8b4zig n8ej3o3l agehan2d sk4xxmp2 rq0escxv nhd2j8a9 j83agx80 mg4g778l btwxx1t3 pfnyh3mw p7hjln8o kvgmc6g5 cxmmr5t8 oygrvhab hcukyx3x tgvbjcpo hpfvmrgz jb3vyjys rz4wbd8a qt6c0cv9 a8nywdso l9j0dhe7 i1ao9s8h esuyzwwr f1sip0of du4w35lb lzcic4wl abiwlrkh p8dawk7l mkd47r93 rgmg9uty\" tabindex=\"-1\" role=\"button\" aria-expanded=\"false\" aria-haspopup=\"menu\" aria-label=\"H\u00e0nh \u0111\u1ed9ng \u0111\u1ed1i v\u1edbi tin nh\u1eafn\">\n<div class=\"n00je7tq arfg74bv qs9ysxi8 k77z8yql i09qtzwb n7fi1qx3 b5wmifdl hzruof5a pmk7jnqg j9ispegn kr520xx4 c5ndavph art1omkt ot9fgl3s\" data-visualcompletion=\"ignore\">\n<div class=\"jn8vp64t l9j0dhe7 hpfvmrgz\">\n<div class=\"lzcic4wl\" tabindex=\"0\" role=\"gridcell\" data-scope=\"messages_table\" data-recover=\"true\">\n<div class=\"ni8dbmo4 stjgntxs g5ia77u1 ii04i59q\" data-testid=\"messenger_incoming_text_row\">\n<div class=\"l60d2q6s d1544ag0 sj5x9vvc tw6a2znq l9j0dhe7 ni8dbmo4 stjgntxs qlfml3jp inkptoze jk6sbkaj qttc61fc jm1wdb64 qv66sw1b ljqsnud1 g6srhlxm odn2s2vf\">\n<ul>\n<li><span style=\"font-size: 12pt; font-family: tahoma, arial, helvetica, sans-serif;\" data-sheets-value=\"{&quot;1&quot;:2,&quot;2&quot;:&quot;- T\u1ea7m nh\u00ecn: Tr\u1edf th\u00e0nh th\u01b0\u01a1ng hi\u1ec7u n\u1eb1m trong top 100 c\u00f4ng ty c\u00f4ng ngh\u1ec7 gi\u00e1 tr\u1ecb h\u00e0ng \u0111\u1ea7u ch\u00e2u \u00c1. \\n- S\u1ee9 m\u1ec7nh: S\u00e1ng t\u1ea1o c\u00e1c gi\u1ea3i ph\u00e1p c\u00f4ng ngh\u1ec7 gi\u00e1 tr\u1ecb, mang tr\u1ea3i nghi\u1ec7m v\u01b0\u1ee3t tr\u1ed9i \u0111\u1ebfn ng\u01b0\u1eddi d\u00f9ng to\u00e0n c\u1ea7u. \\n- Gi\u00e1 tr\u1ecb c\u1ed1t l\u00f5i: S\u00e1ng t\u1ea1o, t\u1ed1c \u0111\u1ed9, h\u1ee3p t\u00e1c.&quot;}\" data-sheets-userformat=\"{&quot;2&quot;:769,&quot;3&quot;:{&quot;1&quot;:0},&quot;11&quot;:4,&quot;12&quot;:0}\"><strong>T\u1ea7m nh\u00ecn:<\/strong> Tr\u1edf th\u00e0nh th\u01b0\u01a1ng hi\u1ec7u n\u1eb1m trong top 100 c\u00f4ng ty c\u00f4ng ngh\u1ec7 gi\u00e1 tr\u1ecb h\u00e0ng \u0111\u1ea7u ch\u00e2u \u00c1<\/span><\/li>\n<li><span style=\"font-size: 12pt; font-family: tahoma, arial, helvetica, sans-serif;\" data-sheets-value=\"{&quot;1&quot;:2,&quot;2&quot;:&quot;- T\u1ea7m nh\u00ecn: Tr\u1edf th\u00e0nh th\u01b0\u01a1ng hi\u1ec7u n\u1eb1m trong top 100 c\u00f4ng ty c\u00f4ng ngh\u1ec7 gi\u00e1 tr\u1ecb h\u00e0ng \u0111\u1ea7u ch\u00e2u \u00c1. \\n- S\u1ee9 m\u1ec7nh: S\u00e1ng t\u1ea1o c\u00e1c gi\u1ea3i ph\u00e1p c\u00f4ng ngh\u1ec7 gi\u00e1 tr\u1ecb, mang tr\u1ea3i nghi\u1ec7m v\u01b0\u1ee3t tr\u1ed9i \u0111\u1ebfn ng\u01b0\u1eddi d\u00f9ng to\u00e0n c\u1ea7u. \\n- Gi\u00e1 tr\u1ecb c\u1ed1t l\u00f5i: S\u00e1ng t\u1ea1o, t\u1ed1c \u0111\u1ed9, h\u1ee3p t\u00e1c.&quot;}\" data-sheets-userformat=\"{&quot;2&quot;:769,&quot;3&quot;:{&quot;1&quot;:0},&quot;11&quot;:4,&quot;12&quot;:0}\"><strong>S\u1ee9 m\u1ec7nh:<\/strong> S\u00e1ng t\u1ea1o c\u00e1c gi\u1ea3i ph\u00e1p c\u00f4ng ngh\u1ec7 gi\u00e1 tr\u1ecb, mang tr\u1ea3i nghi\u1ec7m v\u01b0\u1ee3t tr\u1ed9i \u0111\u1ebfn ng\u01b0\u1eddi d\u00f9ng to\u00e0n c\u1ea7u<\/span><\/li>\n<li><span style=\"font-size: 12pt; font-family: tahoma, arial, helvetica, sans-serif;\" data-sheets-value=\"{&quot;1&quot;:2,&quot;2&quot;:&quot;- T\u1ea7m nh\u00ecn: Tr\u1edf th\u00e0nh th\u01b0\u01a1ng hi\u1ec7u n\u1eb1m trong top 100 c\u00f4ng ty c\u00f4ng ngh\u1ec7 gi\u00e1 tr\u1ecb h\u00e0ng \u0111\u1ea7u ch\u00e2u \u00c1. \\n- S\u1ee9 m\u1ec7nh: S\u00e1ng t\u1ea1o c\u00e1c gi\u1ea3i ph\u00e1p c\u00f4ng ngh\u1ec7 gi\u00e1 tr\u1ecb, mang tr\u1ea3i nghi\u1ec7m v\u01b0\u1ee3t tr\u1ed9i \u0111\u1ebfn ng\u01b0\u1eddi d\u00f9ng to\u00e0n c\u1ea7u. \\n- Gi\u00e1 tr\u1ecb c\u1ed1t l\u00f5i: S\u00e1ng t\u1ea1o, t\u1ed1c \u0111\u1ed9, h\u1ee3p t\u00e1c.&quot;}\" data-sheets-userformat=\"{&quot;2&quot;:769,&quot;3&quot;:{&quot;1&quot;:0},&quot;11&quot;:4,&quot;12&quot;:0}\"><strong>Gi\u00e1 tr\u1ecb c\u1ed1t l\u00f5i:<\/strong> S\u00e1ng t\u1ea1o &#8211; T\u1ed1c \u0111\u1ed9 &#8211; H\u1ee3p t\u00e1c<\/span><\/li>\n<\/ul>\n<\/div>\n<\/div>\n<\/div>\n<\/div>\n<div class=\"pfnyh3mw ewlkfwdl bp9cbjyn j83agx80 qnrpqo6b\">\n<div class=\"\">\n<div class=\"lzcic4wl\" tabindex=\"0\" role=\"gridcell\" data-scope=\"messages_table\"><\/div>\n<\/div>\n<\/div>\n<\/div>\n<\/div>\n<\/div>\n<\/div>\n<\/div>\n<a class=\"maxbutton-3 maxbutton maxbutton-yellow-button\" href=\"#\"><span class='mb-text'>Learn More<\/span><\/a>\n<\/div>\n                    <\/div>\n        <\/div>\n    <\/div>\n<\/section>\n\n<section id=\"devvn-block_6012ce2dd289b\" class=\"devvn-text-image right\" style=\"background-color: #f4f4f4\">\n    <div class=\"container\">\n                <div class=\"row\">\n        <div class=\"block-text-image-img\" >\n            <img decoding=\"async\" src=\"https:\/\/ttc-solutions.com\/wp-content\/uploads\/2021\/01\/Group-28.svg\" alt=\"\">\n        <\/div>\n        <div class=\"block-text-image-content\">\n                            <div class=\"sub-title\" >Th\u00e0nh t\u1ef1u<\/div>\n                                        <h2 class=\"section-title\" >TTC Solutions v\u00e0 nh\u1eefng con s\u1ed1<\/h2>\n                                        <div class=\"section-description\" ><p>Sau 5 n\u0103m th\u00e0nh l\u1eadp, ch\u00fang t\u00f4i \u0111\u00e3 \u0111\u1ea1t \u0111\u01b0\u1ee3c nh\u1eefng th\u00e0nh t\u1ef1u \u1ea5n t\u01b0\u1ee3ng v\u00e0 t\u1eebng b\u01b0\u1edbc kh\u1eb3ng \u0111\u1ecbnh v\u1ecb th\u1ebf d\u1eabn \u0111\u1ea7u c\u1ee7a m\u00ecnh tr\u00ean tr\u01b0\u1eddng Vi\u1ec7t Nam.<\/p>\n<ul>\n<li>20+ D\u1ef1 \u00e1n<\/li>\n<li>20+ Web Applications<\/li>\n<li>15+ Mobile Apps<\/li>\n<li>05+ N\u0103m kinh nghi\u1ec7m<\/li>\n<\/ul>\n<\/div>\n                    <\/div>\n        <\/div>\n    <\/div>\n<\/section>\n\n<section id=\"devvn-block_6012d58c0c28a\" class=\"devvn-testimonial block-video\">\n    <div class=\"testimonial-video-inner\" style=\"background-image: url(https:\/\/ttc-solutions.com\/wp-content\/uploads\/2021\/01\/Image-2.svg)\">\n                    <div class=\"testimonial-play-icon\" >\n                <div class=\"testimonial-play-icon-center\">\n                <a href=\"https:\/\/www.youtube.com\/watch?v=7yzyDXm7cZ4\">\n                    <svg width=\"177\" height=\"177\" viewBox=\"0 0 177 177\" fill=\"none\" xmlns=\"http:\/\/www.w3.org\/2000\/svg\">\n                    <path d=\"M116.292 94.6094C117.33 94.0402 117.33 93.1027 116.292 92.5335L71.8275 67.8237C70.7896 67.2545 69.9525 67.7567 69.9525 68.9286V118.214C69.9525 119.386 70.7896 119.888 71.8275 119.319L116.292 94.6094Z\" fill=\"white\"\/>\n                    <circle cx=\"88.5\" cy=\"88.5\" r=\"86.5\" stroke=\"white\" stroke-width=\"4\"\/>\n                    <\/svg>\n                <\/a>\n                <\/div>\n            <\/div>\n                <div class=\"testimonial-video-contents\">\n                    <div class=\"testimonial-description\">\n                <div class=\"container\">\n                    <div class=\"testimonial-description-content\" >\n                        <h2>M\u1ecdi kh\u00e1ch h\u00e0ng \u0111\u1ec1u trao tr\u1ecdn ni\u1ec1m tin c\u1ee7a h\u1ecd cho ch\u00fang t\u00f4i<\/h2>\n<p>Trong 5 n\u0103m th\u00e0nh l\u1eadp, TTC Solutions c\u00f3 c\u01a1 h\u1ed9i h\u1ee3p t\u00e1c v\u1edbi nhi\u1ec1u kh\u00e1ch h\u00e0ng th\u00e2n thi\u1ebft \u0111\u1ebfn t\u1eeb nhi\u1ec1u ng\u00e0nh ngh\u1ec1 v\u00e0 qu\u1ed1c gia. H\u00e3y xem qua c\u00e2u chuy\u1ec7n c\u1ee7a ch\u00fang t\u00f4i \u0111\u1ec3 l\u1ea5y c\u1ea3m h\u1ee9ng v\u00e0 kh\u1edfi \u0111\u1ed9ng t\u01b0\u01a1ng lai c\u1ee7a b\u1ea1n ngay h\u00f4m nay!<\/p>\n                    <\/div>\n                <\/div>\n            <\/div>\n                <\/div>\n    <\/div>\n<\/section>\n\n<section id=\"devvn-block_6012dbdf0c28b\" class=\"devvn-text-image left\" style=\"background-color: #ffffff\">\n    <div class=\"container\">\n                <div class=\"row\">\n        <div class=\"block-text-image-img\" >\n            <img decoding=\"async\" src=\"https:\/\/ttc-solutions.com\/wp-content\/uploads\/2021\/01\/Group-28-1.svg\" alt=\"\">\n        <\/div>\n        <div class=\"block-text-image-content\">\n                            <div class=\"sub-title\" >Statistics<\/div>\n                                        <h2 class=\"section-title\" >Ch\u00fang t\u00f4i gi\u00fap \u0111\u1ee1 Doanh nghi\u1ec7p gi\u1ea3i quy\u1ebft b\u00e0i to\u00e1n c\u1ee7a ch\u00ednh h\u1ecd<\/h2>\n                                        <div class=\"section-description\" ><ul>\n<li>15+ Kh\u00e1ch h\u00e0ng h\u00e0i l\u00f2ng<\/li>\n<li>80% T\u1ec9 l\u1ec7 gi\u1eef ch\u00e2n kh\u00e1ch h\u00e0ng<\/li>\n<li>5+ Qu\u1ed1c gia<\/li>\n<li>200% T\u1ed1c \u0111\u1ed9 t\u0103ng tr\u01b0\u1edfng n\u0103m 2020<\/li>\n<\/ul>\n<section id=\"devvn-block_6010214a0d9d7\" class=\"devvn-testimonial test-layout-has-video\">\n<div class=\"testimonial-video-inner\">\n<div class=\"testimonial-play-icon\">\n<div class=\"testimonial-play-icon-center\"><\/div>\n<\/div>\n<div class=\"testimonial-video-contents\">\n<div class=\"testimonial-description\">\n<div class=\"container\">\n<div class=\"testimonial-description-content\"><\/div>\n<\/div>\n<\/div>\n<\/div>\n<\/div>\n<\/section>\n<\/div>\n                    <\/div>\n        <\/div>\n    <\/div>\n<\/section>","protected":false},"excerpt":{"rendered":"<p>Ch\u00fang t\u00f4i l\u00e0 nh\u00e0 cung c\u1ea5p gi\u1ea3i ph\u00e1p v\u00e0 d\u1ecbch v\u1ee5 CNTT h\u00e0ng \u0111\u1ea7u t\u1ea1i Vi\u1ec7t Nam v\u1edbi h\u01a1n 5 n\u0103m kinh nghi\u1ec7m tr\u00ean th\u1ecb tr\u01b0\u1eddng<\/p>\n","protected":false},"author":1,"featured_media":533,"parent":0,"menu_order":0,"comment_status":"closed","ping_status":"closed","template":"template-full-width.php","meta":{"_editorskit_title_hidden":false,"_editorskit_reading_time":0,"_editorskit_is_block_options_detached":false,"_editorskit_block_options_position":"{}","_monsterinsights_skip_tracking":false,"_monsterinsights_sitenote_active":false,"_monsterinsights_sitenote_note":"","_monsterinsights_sitenote_category":0,"footnotes":""},"class_list":["post-532","page","type-page","status-publish","has-post-thumbnail","hentry"],"yoast_head":"<!-- This site is optimized with the Yoast SEO plugin v27.4 - https:\/\/yoast.com\/product\/yoast-seo-wordpress\/ -->\n<title>V\u1ec1 ch\u00fang t\u00f4i - TTC Solutions<\/title>\n<meta name=\"robots\" content=\"index, follow, max-snippet:-1, max-image-preview:large, max-video-preview:-1\" \/>\n<link rel=\"canonical\" href=\"https:\/\/ttc-solutions.com\/vi\/about\/\" \/>\n<meta property=\"og:locale\" content=\"vi_VN\" \/>\n<meta property=\"og:type\" content=\"article\" \/>\n<meta property=\"og:title\" content=\"V\u1ec1 ch\u00fang t\u00f4i - TTC Solutions\" \/>\n<meta property=\"og:description\" content=\"Ch\u00fang t\u00f4i l\u00e0 nh\u00e0 cung c\u1ea5p gi\u1ea3i ph\u00e1p v\u00e0 d\u1ecbch v\u1ee5 CNTT h\u00e0ng \u0111\u1ea7u t\u1ea1i Vi\u1ec7t Nam v\u1edbi h\u01a1n 5 n\u0103m kinh nghi\u1ec7m tr\u00ean th\u1ecb tr\u01b0\u1eddng\" \/>\n<meta property=\"og:url\" content=\"https:\/\/ttc-solutions.com\/vi\/about\/\" \/>\n<meta property=\"og:site_name\" content=\"TTC Solutions\" \/>\n<meta property=\"article:modified_time\" content=\"2023-04-06T11:04:07+00:00\" \/>\n<meta name=\"twitter:card\" content=\"summary_large_image\" \/>\n<script type=\"application\/ld+json\" class=\"yoast-schema-graph\">{\"@context\":\"https:\\\/\\\/schema.org\",\"@graph\":[{\"@type\":\"WebPage\",\"@id\":\"https:\\\/\\\/ttc-solutions.com\\\/vi\\\/about\\\/\",\"url\":\"https:\\\/\\\/ttc-solutions.com\\\/vi\\\/about\\\/\",\"name\":\"V\u1ec1 ch\u00fang t\u00f4i - TTC Solutions\",\"isPartOf\":{\"@id\":\"https:\\\/\\\/ttc-solutions.com\\\/#website\"},\"primaryImageOfPage\":{\"@id\":\"https:\\\/\\\/ttc-solutions.com\\\/vi\\\/about\\\/#primaryimage\"},\"image\":{\"@id\":\"https:\\\/\\\/ttc-solutions.com\\\/vi\\\/about\\\/#primaryimage\"},\"thumbnailUrl\":\"https:\\\/\\\/ttc-solutions.com\\\/wp-content\\\/uploads\\\/2021\\\/01\\\/Mask-Group.svg\",\"datePublished\":\"2021-01-23T06:16:54+00:00\",\"dateModified\":\"2023-04-06T11:04:07+00:00\",\"breadcrumb\":{\"@id\":\"https:\\\/\\\/ttc-solutions.com\\\/vi\\\/about\\\/#breadcrumb\"},\"inLanguage\":\"vi-VN\",\"potentialAction\":[{\"@type\":\"ReadAction\",\"target\":[\"https:\\\/\\\/ttc-solutions.com\\\/vi\\\/about\\\/\"]}]},{\"@type\":\"ImageObject\",\"inLanguage\":\"vi-VN\",\"@id\":\"https:\\\/\\\/ttc-solutions.com\\\/vi\\\/about\\\/#primaryimage\",\"url\":\"https:\\\/\\\/ttc-solutions.com\\\/wp-content\\\/uploads\\\/2021\\\/01\\\/Mask-Group.svg\",\"contentUrl\":\"https:\\\/\\\/ttc-solutions.com\\\/wp-content\\\/uploads\\\/2021\\\/01\\\/Mask-Group.svg\"},{\"@type\":\"BreadcrumbList\",\"@id\":\"https:\\\/\\\/ttc-solutions.com\\\/vi\\\/about\\\/#breadcrumb\",\"itemListElement\":[{\"@type\":\"ListItem\",\"position\":1,\"name\":\"Home\",\"item\":\"https:\\\/\\\/ttc-solutions.com\\\/vi\\\/\"},{\"@type\":\"ListItem\",\"position\":2,\"name\":\"V\u1ec1 ch\u00fang t\u00f4i\"}]},{\"@type\":\"WebSite\",\"@id\":\"https:\\\/\\\/ttc-solutions.com\\\/#website\",\"url\":\"https:\\\/\\\/ttc-solutions.com\\\/\",\"name\":\"TTC Solutions\",\"description\":\"software, information technology\",\"potentialAction\":[{\"@type\":\"SearchAction\",\"target\":{\"@type\":\"EntryPoint\",\"urlTemplate\":\"https:\\\/\\\/ttc-solutions.com\\\/?s={search_term_string}\"},\"query-input\":{\"@type\":\"PropertyValueSpecification\",\"valueRequired\":true,\"valueName\":\"search_term_string\"}}],\"inLanguage\":\"vi-VN\"}]}<\/script>\n<!-- \/ Yoast SEO plugin. -->","yoast_head_json":{"title":"V\u1ec1 ch\u00fang t\u00f4i - TTC Solutions","robots":{"index":"index","follow":"follow","max-snippet":"max-snippet:-1","max-image-preview":"max-image-preview:large","max-video-preview":"max-video-preview:-1"},"canonical":"https:\/\/ttc-solutions.com\/vi\/about\/","og_locale":"vi_VN","og_type":"article","og_title":"V\u1ec1 ch\u00fang t\u00f4i - TTC Solutions","og_description":"Ch\u00fang t\u00f4i l\u00e0 nh\u00e0 cung c\u1ea5p gi\u1ea3i ph\u00e1p v\u00e0 d\u1ecbch v\u1ee5 CNTT h\u00e0ng \u0111\u1ea7u t\u1ea1i Vi\u1ec7t Nam v\u1edbi h\u01a1n 5 n\u0103m kinh nghi\u1ec7m tr\u00ean th\u1ecb tr\u01b0\u1eddng","og_url":"https:\/\/ttc-solutions.com\/vi\/about\/","og_site_name":"TTC Solutions","article_modified_time":"2023-04-06T11:04:07+00:00","twitter_card":"summary_large_image","schema":{"@context":"https:\/\/schema.org","@graph":[{"@type":"WebPage","@id":"https:\/\/ttc-solutions.com\/vi\/about\/","url":"https:\/\/ttc-solutions.com\/vi\/about\/","name":"V\u1ec1 ch\u00fang t\u00f4i - TTC Solutions","isPartOf":{"@id":"https:\/\/ttc-solutions.com\/#website"},"primaryImageOfPage":{"@id":"https:\/\/ttc-solutions.com\/vi\/about\/#primaryimage"},"image":{"@id":"https:\/\/ttc-solutions.com\/vi\/about\/#primaryimage"},"thumbnailUrl":"https:\/\/ttc-solutions.com\/wp-content\/uploads\/2021\/01\/Mask-Group.svg","datePublished":"2021-01-23T06:16:54+00:00","dateModified":"2023-04-06T11:04:07+00:00","breadcrumb":{"@id":"https:\/\/ttc-solutions.com\/vi\/about\/#breadcrumb"},"inLanguage":"vi-VN","potentialAction":[{"@type":"ReadAction","target":["https:\/\/ttc-solutions.com\/vi\/about\/"]}]},{"@type":"ImageObject","inLanguage":"vi-VN","@id":"https:\/\/ttc-solutions.com\/vi\/about\/#primaryimage","url":"https:\/\/ttc-solutions.com\/wp-content\/uploads\/2021\/01\/Mask-Group.svg","contentUrl":"https:\/\/ttc-solutions.com\/wp-content\/uploads\/2021\/01\/Mask-Group.svg"},{"@type":"BreadcrumbList","@id":"https:\/\/ttc-solutions.com\/vi\/about\/#breadcrumb","itemListElement":[{"@type":"ListItem","position":1,"name":"Home","item":"https:\/\/ttc-solutions.com\/vi\/"},{"@type":"ListItem","position":2,"name":"V\u1ec1 ch\u00fang t\u00f4i"}]},{"@type":"WebSite","@id":"https:\/\/ttc-solutions.com\/#website","url":"https:\/\/ttc-solutions.com\/","name":"TTC Solutions","description":"software, information technology","potentialAction":[{"@type":"SearchAction","target":{"@type":"EntryPoint","urlTemplate":"https:\/\/ttc-solutions.com\/?s={search_term_string}"},"query-input":{"@type":"PropertyValueSpecification","valueRequired":true,"valueName":"search_term_string"}}],"inLanguage":"vi-VN"}]}},"_links":{"self":[{"href":"https:\/\/ttc-solutions.com\/vi\/wp-json\/wp\/v2\/pages\/532","targetHints":{"allow":["GET"]}}],"collection":[{"href":"https:\/\/ttc-solutions.com\/vi\/wp-json\/wp\/v2\/pages"}],"about":[{"href":"https:\/\/ttc-solutions.com\/vi\/wp-json\/wp\/v2\/types\/page"}],"author":[{"embeddable":true,"href":"https:\/\/ttc-solutions.com\/vi\/wp-json\/wp\/v2\/users\/1"}],"replies":[{"embeddable":true,"href":"https:\/\/ttc-solutions.com\/vi\/wp-json\/wp\/v2\/comments?post=532"}],"version-history":[{"count":35,"href":"https:\/\/ttc-solutions.com\/vi\/wp-json\/wp\/v2\/pages\/532\/revisions"}],"predecessor-version":[{"id":2674,"href":"https:\/\/ttc-solutions.com\/vi\/wp-json\/wp\/v2\/pages\/532\/revisions\/2674"}],"wp:featuredmedia":[{"embeddable":true,"href":"https:\/\/ttc-solutions.com\/vi\/wp-json\/wp\/v2\/media\/533"}],"wp:attachment":[{"href":"https:\/\/ttc-solutions.com\/vi\/wp-json\/wp\/v2\/media?parent=532"}],"curies":[{"name":"wp","href":"https:\/\/api.w.org\/{rel}","templated":true}]}}