{"id":523,"date":"2021-01-23T13:17:10","date_gmt":"2021-01-23T06:17:10","guid":{"rendered":"http:\/\/ttc-solutions.com\/services\/"},"modified":"2021-02-22T10:15:28","modified_gmt":"2021-02-22T03:15:28","slug":"services","status":"publish","type":"page","link":"https:\/\/ttc-solutions.com\/vi\/services\/","title":{"rendered":"D\u1ecbch v\u1ee5"},"content":{"rendered":"<section id=\"devvn-block_601810238be73\" class=\"devvn-grid layout-no-video style-right-radius\">\n    <div class=\"container\">\r\n    <div class=\"row\">\r\n        <div class=\"col-sm-6\">\r\n            <div class=\"block-header\">\r\n                                    <\/div>\r\n        <\/div>\r\n        <div class=\"col-sm-6\">\r\n                    <\/div>\r\n    <\/div>\r\n            <div class=\"grid-items\">\r\n                                        <div class=\"grid-item\" >\r\n                                    <div class=\"grid-image\" >\r\n                        <img decoding=\"async\" src=\"https:\/\/ttc-solutions.com\/wp-content\/uploads\/2021\/01\/1.svg\" alt=\"\">\r\n                    <\/div>\r\n                    <div class=\"grid-details\">\r\n                                                    <div class=\"grid-item-title\" >IT Outsourcing<\/div>\r\n                                                                            <div class=\"grid-item-description\" >Cung c\u1ea5p \u0111\u1ed9i ng\u0169 k\u1ef9 s\u01b0 d\u00e0y d\u1ea1n kinh nghi\u1ec7m v\u1edbi chuy\u00ean m\u00f4n \u0111\u1ea1t ti\u00eau chu\u1ea9n to\u00e0n c\u1ea7u<\/div>\r\n                                            <\/div>\r\n                                    <\/div>\r\n                                        <div class=\"grid-item\" >\r\n                                    <div class=\"grid-image\" >\r\n                        <img decoding=\"async\" src=\"https:\/\/ttc-solutions.com\/wp-content\/uploads\/2021\/01\/6.svg\" alt=\"\">\r\n                    <\/div>\r\n                    <div class=\"grid-details\">\r\n                                                    <div class=\"grid-item-title\" >Software Development<\/div>\r\n                                                                            <div class=\"grid-item-description\" >Ph\u00e1t tri\u1ec3n c\u00e1c gi\u1ea3i ph\u00e1p ph\u1ea7n m\u1ec1m t\u00f9y ch\u1ec9nh \u0111\u1ec3 gi\u1ea3i quy\u1ebft c\u00e1c nhu c\u1ea7u c\u1ee7a doanh nghi\u1ec7p b\u1ea1n<\/div>\r\n                                            <\/div>\r\n                                    <\/div>\r\n                                        <div class=\"grid-item\" >\r\n                                    <div class=\"grid-image\" >\r\n                        <img decoding=\"async\" src=\"https:\/\/ttc-solutions.com\/wp-content\/uploads\/2021\/01\/5.svg\" alt=\"\">\r\n                    <\/div>\r\n                    <div class=\"grid-details\">\r\n                                                    <div class=\"grid-item-title\" >Testing Service &#038; QA<\/div>\r\n                                                                            <div class=\"grid-item-description\" >X\u00e1c \u0111\u1ecbnh c\u00e1c l\u1ed7i sai ti\u1ec1m \u1ea9n, \u0111\u1ea3m b\u1ea3o ch\u1ea5t l\u01b0\u1ee3ng s\u1ea3n ph\u1ea9m c\u1ee7a b\u1ea1n ph\u00f9 h\u1ee3p v\u1edbi c\u00e1c y\u00eau c\u1ea7u \u0111\u00e3 \u0111\u1ec1 ra<\/div>\r\n                                            <\/div>\r\n                                    <\/div>\r\n                                        <div class=\"grid-item\" >\r\n                                    <div class=\"grid-image\" >\r\n                        <img decoding=\"async\" src=\"https:\/\/ttc-solutions.com\/wp-content\/uploads\/2021\/01\/4.svg\" alt=\"\">\r\n                    <\/div>\r\n                    <div class=\"grid-details\">\r\n                                                    <div class=\"grid-item-title\" >UI\/UX Design<\/div>\r\n                                                                            <div class=\"grid-item-description\" >Bi\u1ebfn c\u00e1c \u00fd t\u01b0\u1edfng c\u1ee7a b\u1ea1n tr\u1edf th\u00e0nh tr\u1ea3i nghi\u1ec7m tuy\u1ec7t v\u1eddi nh\u1ea5t cho kh\u00e1ch h\u00e0ng<\/div>\r\n                                            <\/div>\r\n                                    <\/div>\r\n                                        <div class=\"grid-item\" >\r\n                                    <div class=\"grid-image\" >\r\n                        <img decoding=\"async\" src=\"https:\/\/ttc-solutions.com\/wp-content\/uploads\/2021\/01\/3.svg\" alt=\"\">\r\n                    <\/div>\r\n                    <div class=\"grid-details\">\r\n                                                    <div class=\"grid-item-title\" >Data Analysis<\/div>\r\n                                                                            <div class=\"grid-item-description\" >Ti\u1ebfp nh\u1eadn th\u00f4ng tin, ph\u00e2n t\u00edch  chuy\u00ean s\u00e2u v\u1ec1 d\u1eef li\u1ec7u c\u1ee7a doanh nghi\u1ec7p \u0111\u1ec3 ph\u00e1t tri\u1ec3n m\u1ea1nh h\u01a1n v\u00e0 nhanh h\u01a1n<\/div>\r\n                                            <\/div>\r\n                                    <\/div>\r\n                                        <div class=\"grid-item\" >\r\n                                    <div class=\"grid-image\" >\r\n                        <img decoding=\"async\" src=\"https:\/\/ttc-solutions.com\/wp-content\/uploads\/2021\/01\/2.svg\" alt=\"\">\r\n                    <\/div>\r\n                    <div class=\"grid-details\">\r\n                                                    <div class=\"grid-item-title\" >DevOps Service<\/div>\r\n                                                                            <div class=\"grid-item-description\" >M\u1edf r\u1ed9ng quy m\u00f4 s\u1ea3n ph\u1ea9m c\u1ee7a b\u1ea1n m\u1ed9t c\u00e1ch d\u1ec5 d\u00e0ng v\u00e0 \u0111\u1ea3m b\u1ea3o cho doanh nghi\u1ec7p b\u1ea1n m\u1ed9t c\u01a1 s\u1edf h\u1ea1 t\u1ea7ng \u1ed5n \u0111\u1ecbnh v\u00e0 t\u1ed1t nh\u1ea5t<\/div>\r\n                                            <\/div>\r\n                                    <\/div>\r\n                    <\/div>\r\n    <\/div><\/section>\n\n<section id=\"devvn-block_6018170973580\" class=\"devvn-text-image left\" style=\"background-color: #ffffff\">\n    <div class=\"container\">\n                                    <div class=\"row\">\n        <div class=\"block-text-image-img\" >\n            <img decoding=\"async\" src=\"https:\/\/ttc-solutions.com\/wp-content\/uploads\/2021\/01\/Information-technology.jpg\" alt=\"\">\n        <\/div>\n        <div class=\"block-text-image-content\">\n                            <div class=\"sub-title\" >Ch\u00fang t\u00f4i s\u1eb5n s\u00e0ng \u0111\u1ed3ng h\u00e0nh s\u1ef1 ph\u00e1t tri\u1ec3n c\u1ee7a Doanh nghi\u1ec7p d\u00e0i l\u00e2u<\/div>\n                                                    <div class=\"section-description\" ><p><em>\u201cB\u1ea1n ph\u1ea3i tr\u1edf n\u00ean m\u00e3nh li\u1ec7t v\u1edbi m\u1ed9t \u00fd t\u01b0\u1edfng, m\u1ed9t v\u1ea5n \u0111\u1ec1, ho\u1eb7c m\u1ed9t sai l\u1ea7m m\u00e0 b\u1ea1n mu\u1ed1n bi\u1ebfn n\u00f3 th\u00e0nh \u0111\u00fang. N\u1ebfu b\u1ea1n kh\u00f4ng \u0111\u1ee7 \u0111am m\u00ea ngay t\u1eeb \u0111\u1ea7u, b\u1ea1n s\u1ebd kh\u00f4ng bao gi\u1edd \u0111i \u0111\u01b0\u1ee3c \u0111\u1ebfn cu\u1ed1i.\u201d<\/em><\/p>\n<p style=\"text-align: right;\">Steve Jobs, CEO &amp; \u0110\u1ed3ng s\u00e1ng l\u1eadp Apple Inc.<\/p>\n<p>&nbsp;<\/p>\n<\/div>\n                    <\/div>\n        <\/div>\n    <\/div>\n<\/section>","protected":false},"excerpt":{"rendered":"<p>TTC Solutions \u0111\u1ea3m b\u1ea3o v\u1ec1 ch\u1ea5t l\u01b0\u1ee3ng gi\u1ea3i ph\u00e1p CNTT t\u1ed1t nh\u1ea5t cung c\u1ea5p cho kh\u00e1ch h\u00e0ng<\/p>\n","protected":false},"author":1,"featured_media":0,"parent":0,"menu_order":0,"comment_status":"closed","ping_status":"closed","template":"template-full-width.php","meta":{"_editorskit_title_hidden":false,"_editorskit_reading_time":0,"_editorskit_is_block_options_detached":false,"_editorskit_block_options_position":"{}","_monsterinsights_skip_tracking":false,"_monsterinsights_sitenote_active":false,"_monsterinsights_sitenote_note":"","_monsterinsights_sitenote_category":0,"footnotes":""},"class_list":["post-523","page","type-page","status-publish","hentry"],"yoast_head":"<!-- This site is optimized with the Yoast SEO plugin v27.4 - https:\/\/yoast.com\/product\/yoast-seo-wordpress\/ -->\n<title>D\u1ecbch v\u1ee5 - TTC Solutions<\/title>\n<meta name=\"robots\" content=\"index, follow, max-snippet:-1, max-image-preview:large, max-video-preview:-1\" \/>\n<link rel=\"canonical\" href=\"https:\/\/ttc-solutions.com\/vi\/services\/\" \/>\n<meta property=\"og:locale\" content=\"vi_VN\" \/>\n<meta property=\"og:type\" content=\"article\" \/>\n<meta property=\"og:title\" content=\"D\u1ecbch v\u1ee5 - TTC Solutions\" \/>\n<meta property=\"og:description\" content=\"TTC Solutions \u0111\u1ea3m b\u1ea3o v\u1ec1 ch\u1ea5t l\u01b0\u1ee3ng gi\u1ea3i ph\u00e1p CNTT t\u1ed1t nh\u1ea5t cung c\u1ea5p cho kh\u00e1ch h\u00e0ng\" \/>\n<meta property=\"og:url\" content=\"https:\/\/ttc-solutions.com\/vi\/services\/\" \/>\n<meta property=\"og:site_name\" content=\"TTC Solutions\" \/>\n<meta property=\"article:modified_time\" content=\"2021-02-22T03:15:28+00:00\" \/>\n<meta name=\"twitter:card\" content=\"summary_large_image\" \/>\n<script type=\"application\/ld+json\" class=\"yoast-schema-graph\">{\"@context\":\"https:\\\/\\\/schema.org\",\"@graph\":[{\"@type\":\"WebPage\",\"@id\":\"https:\\\/\\\/ttc-solutions.com\\\/vi\\\/services\\\/\",\"url\":\"https:\\\/\\\/ttc-solutions.com\\\/vi\\\/services\\\/\",\"name\":\"D\u1ecbch v\u1ee5 - TTC Solutions\",\"isPartOf\":{\"@id\":\"https:\\\/\\\/ttc-solutions.com\\\/#website\"},\"datePublished\":\"2021-01-23T06:17:10+00:00\",\"dateModified\":\"2021-02-22T03:15:28+00:00\",\"breadcrumb\":{\"@id\":\"https:\\\/\\\/ttc-solutions.com\\\/vi\\\/services\\\/#breadcrumb\"},\"inLanguage\":\"vi-VN\",\"potentialAction\":[{\"@type\":\"ReadAction\",\"target\":[\"https:\\\/\\\/ttc-solutions.com\\\/vi\\\/services\\\/\"]}]},{\"@type\":\"BreadcrumbList\",\"@id\":\"https:\\\/\\\/ttc-solutions.com\\\/vi\\\/services\\\/#breadcrumb\",\"itemListElement\":[{\"@type\":\"ListItem\",\"position\":1,\"name\":\"Home\",\"item\":\"https:\\\/\\\/ttc-solutions.com\\\/vi\\\/\"},{\"@type\":\"ListItem\",\"position\":2,\"name\":\"D\u1ecbch v\u1ee5\"}]},{\"@type\":\"WebSite\",\"@id\":\"https:\\\/\\\/ttc-solutions.com\\\/#website\",\"url\":\"https:\\\/\\\/ttc-solutions.com\\\/\",\"name\":\"TTC Solutions\",\"description\":\"software, information technology\",\"potentialAction\":[{\"@type\":\"SearchAction\",\"target\":{\"@type\":\"EntryPoint\",\"urlTemplate\":\"https:\\\/\\\/ttc-solutions.com\\\/?s={search_term_string}\"},\"query-input\":{\"@type\":\"PropertyValueSpecification\",\"valueRequired\":true,\"valueName\":\"search_term_string\"}}],\"inLanguage\":\"vi-VN\"}]}<\/script>\n<!-- \/ Yoast SEO plugin. -->","yoast_head_json":{"title":"D\u1ecbch v\u1ee5 - TTC Solutions","robots":{"index":"index","follow":"follow","max-snippet":"max-snippet:-1","max-image-preview":"max-image-preview:large","max-video-preview":"max-video-preview:-1"},"canonical":"https:\/\/ttc-solutions.com\/vi\/services\/","og_locale":"vi_VN","og_type":"article","og_title":"D\u1ecbch v\u1ee5 - TTC Solutions","og_description":"TTC Solutions \u0111\u1ea3m b\u1ea3o v\u1ec1 ch\u1ea5t l\u01b0\u1ee3ng gi\u1ea3i ph\u00e1p CNTT t\u1ed1t nh\u1ea5t cung c\u1ea5p cho kh\u00e1ch h\u00e0ng","og_url":"https:\/\/ttc-solutions.com\/vi\/services\/","og_site_name":"TTC Solutions","article_modified_time":"2021-02-22T03:15:28+00:00","twitter_card":"summary_large_image","schema":{"@context":"https:\/\/schema.org","@graph":[{"@type":"WebPage","@id":"https:\/\/ttc-solutions.com\/vi\/services\/","url":"https:\/\/ttc-solutions.com\/vi\/services\/","name":"D\u1ecbch v\u1ee5 - TTC Solutions","isPartOf":{"@id":"https:\/\/ttc-solutions.com\/#website"},"datePublished":"2021-01-23T06:17:10+00:00","dateModified":"2021-02-22T03:15:28+00:00","breadcrumb":{"@id":"https:\/\/ttc-solutions.com\/vi\/services\/#breadcrumb"},"inLanguage":"vi-VN","potentialAction":[{"@type":"ReadAction","target":["https:\/\/ttc-solutions.com\/vi\/services\/"]}]},{"@type":"BreadcrumbList","@id":"https:\/\/ttc-solutions.com\/vi\/services\/#breadcrumb","itemListElement":[{"@type":"ListItem","position":1,"name":"Home","item":"https:\/\/ttc-solutions.com\/vi\/"},{"@type":"ListItem","position":2,"name":"D\u1ecbch v\u1ee5"}]},{"@type":"WebSite","@id":"https:\/\/ttc-solutions.com\/#website","url":"https:\/\/ttc-solutions.com\/","name":"TTC Solutions","description":"software, information technology","potentialAction":[{"@type":"SearchAction","target":{"@type":"EntryPoint","urlTemplate":"https:\/\/ttc-solutions.com\/?s={search_term_string}"},"query-input":{"@type":"PropertyValueSpecification","valueRequired":true,"valueName":"search_term_string"}}],"inLanguage":"vi-VN"}]}},"_links":{"self":[{"href":"https:\/\/ttc-solutions.com\/vi\/wp-json\/wp\/v2\/pages\/523","targetHints":{"allow":["GET"]}}],"collection":[{"href":"https:\/\/ttc-solutions.com\/vi\/wp-json\/wp\/v2\/pages"}],"about":[{"href":"https:\/\/ttc-solutions.com\/vi\/wp-json\/wp\/v2\/types\/page"}],"author":[{"embeddable":true,"href":"https:\/\/ttc-solutions.com\/vi\/wp-json\/wp\/v2\/users\/1"}],"replies":[{"embeddable":true,"href":"https:\/\/ttc-solutions.com\/vi\/wp-json\/wp\/v2\/comments?post=523"}],"version-history":[{"count":25,"href":"https:\/\/ttc-solutions.com\/vi\/wp-json\/wp\/v2\/pages\/523\/revisions"}],"predecessor-version":[{"id":714,"href":"https:\/\/ttc-solutions.com\/vi\/wp-json\/wp\/v2\/pages\/523\/revisions\/714"}],"wp:attachment":[{"href":"https:\/\/ttc-solutions.com\/vi\/wp-json\/wp\/v2\/media?parent=523"}],"curies":[{"name":"wp","href":"https:\/\/api.w.org\/{rel}","templated":true}]}}