{"id":520,"date":"2021-01-23T13:17:27","date_gmt":"2021-01-23T06:17:27","guid":{"rendered":"http:\/\/ttc-solutions.com\/projects\/"},"modified":"2021-02-23T14:45:15","modified_gmt":"2021-02-23T07:45:15","slug":"projects","status":"publish","type":"page","link":"https:\/\/ttc-solutions.com\/vi\/projects\/","title":{"rendered":"D\u1ef1 \u00e1n"},"content":{"rendered":"<section id=\"devvn-block_6019629b704e7\" class=\"devvn-projects layout-listing\">\n        <div class=\"container\">\r\n    <div class=\"layout-listing-inner\">\r\n            \t\t\t<div class=\"project-listing-item\" >\n\t\t\t\t<div class=\"project-thumbnail\" ><a href=\"https:\/\/ttc-solutions.com\/vi\/project\/my-viettel-application-development-2\/\" title=\"D\u1ef1 \u00e1n My Viettel\" style=\"background-image: url(https:\/\/ttc-solutions.com\/wp-content\/uploads\/2021\/01\/banner_myviette.png)\"><\/a><\/div>\n\t\t\t\t<div class=\"project-listing-details\">\n\t\t\t\t\t<a href=\"https:\/\/ttc-solutions.com\/vi\/project\/my-viettel-application-development-2\/\" title=\"D\u1ef1 \u00e1n My Viettel\"><h3 class=\"project-listing-title\">D\u1ef1 \u00e1n My Viettel<\/h3><\/a>\n\t\t\t\t\t\t\t\t\t\t\t\t\t\t\t\t<div class=\"project-listing-category\" >\n\t\t\t\t\t\t\t\t\t\t\t\t\t\t\t\t\t\t\t\tApp Development\t\t\t\t\t\t\t\t\t\t\t\t\t\t\t\t\t\t\t\t\t\t\t\t\t\t\t<\/div>\n\t\t\t\t\t\t\t\t\t<\/div>\n\t\t\t<\/div>\n\t\t                \t\t\t<div class=\"project-listing-item\" >\n\t\t\t\t<div class=\"project-thumbnail\" ><a href=\"https:\/\/ttc-solutions.com\/vi\/project\/mbccs-system-development-2\/\" title=\"H\u1ec7 th\u1ed1ng mBCCS System\" style=\"background-image: url(https:\/\/ttc-solutions.com\/wp-content\/uploads\/2021\/01\/mbccs.png)\"><\/a><\/div>\n\t\t\t\t<div class=\"project-listing-details\">\n\t\t\t\t\t<a href=\"https:\/\/ttc-solutions.com\/vi\/project\/mbccs-system-development-2\/\" title=\"H\u1ec7 th\u1ed1ng mBCCS System\"><h3 class=\"project-listing-title\">H\u1ec7 th\u1ed1ng mBCCS System<\/h3><\/a>\n\t\t\t\t\t\t\t\t\t\t\t\t\t\t\t\t<div class=\"project-listing-category\" >\n\t\t\t\t\t\t\t\t\t\t\t\t\t\t\t\t\t\t\t\tWeb App Development\t\t\t\t\t\t\t\t\t\t\t\t\t\t\t\t\t\t\t\t\t\t\t\t\t\t\t<\/div>\n\t\t\t\t\t\t\t\t\t<\/div>\n\t\t\t<\/div>\n\t\t                \t\t\t<div class=\"project-listing-item\" >\n\t\t\t\t<div class=\"project-thumbnail\" ><a href=\"https:\/\/ttc-solutions.com\/vi\/project\/internet-banking-system-for-mb-bank-2\/\" title=\"H\u1ec7 th\u1ed1ng Internet Banking &#8211; MB Bank\" style=\"background-image: url(https:\/\/ttc-solutions.com\/wp-content\/uploads\/2021\/01\/banner_mbbank.png)\"><\/a><\/div>\n\t\t\t\t<div class=\"project-listing-details\">\n\t\t\t\t\t<a href=\"https:\/\/ttc-solutions.com\/vi\/project\/internet-banking-system-for-mb-bank-2\/\" title=\"H\u1ec7 th\u1ed1ng Internet Banking &#8211; MB Bank\"><h3 class=\"project-listing-title\">H\u1ec7 th\u1ed1ng Internet Banking &#8211; MB Bank<\/h3><\/a>\n\t\t\t\t\t\t\t\t\t\t\t\t\t\t\t\t<div class=\"project-listing-category\" >\n\t\t\t\t\t\t\t\t\t\t\t\t\t\t\t\t\t\t\t\tWeb App Development\t\t\t\t\t\t\t\t\t\t\t\t\t\t\t\t\t\t\t\t\t\t\t\t\t\t\t<\/div>\n\t\t\t\t\t\t\t\t\t<\/div>\n\t\t\t<\/div>\n\t\t                \t\t\t<div class=\"project-listing-item\" >\n\t\t\t\t<div class=\"project-thumbnail\" ><a href=\"https:\/\/ttc-solutions.com\/vi\/project\/karofi-360-application-development-2\/\" title=\"\u1ee8ng d\u1ee5ng Karofi 360\" style=\"background-image: url(https:\/\/ttc-solutions.com\/wp-content\/uploads\/2021\/01\/karofiiii.png)\"><\/a><\/div>\n\t\t\t\t<div class=\"project-listing-details\">\n\t\t\t\t\t<a href=\"https:\/\/ttc-solutions.com\/vi\/project\/karofi-360-application-development-2\/\" title=\"\u1ee8ng d\u1ee5ng Karofi 360\"><h3 class=\"project-listing-title\">\u1ee8ng d\u1ee5ng Karofi 360<\/h3><\/a>\n\t\t\t\t\t\t\t\t\t\t\t\t\t\t\t\t<div class=\"project-listing-category\" >\n\t\t\t\t\t\t\t\t\t\t\t\t\t\t\t\t\t\t\t\tEnd-to-End Application Development\t\t\t\t\t\t\t\t\t\t\t\t\t\t\t\t\t\t\t\t\t\t\t\t\t\t\t<\/div>\n\t\t\t\t\t\t\t\t\t<\/div>\n\t\t\t<\/div>\n\t\t                \t\t\t<div class=\"project-listing-item\" >\n\t\t\t\t<div class=\"project-thumbnail\" ><a href=\"https:\/\/ttc-solutions.com\/vi\/project\/hanbbe-lab-korea\/\" title=\"HANbBE Lab &#8211; Korea\" style=\"background-image: url(https:\/\/ttc-solutions.com\/wp-content\/uploads\/2021\/01\/hannn.png)\"><\/a><\/div>\n\t\t\t\t<div class=\"project-listing-details\">\n\t\t\t\t\t<a href=\"https:\/\/ttc-solutions.com\/vi\/project\/hanbbe-lab-korea\/\" title=\"HANbBE Lab &#8211; Korea\"><h3 class=\"project-listing-title\">HANbBE Lab &#8211; Korea<\/h3><\/a>\n\t\t\t\t\t\t\t\t\t\t\t\t\t\t\t\t<div class=\"project-listing-category\" >\n\t\t\t\t\t\t\t\t\t\t\t\t\t\t\t\t\t\t\t\tApp Development\t\t\t\t\t\t\t\t\t\t\t\t\t\t\t\t\t\t\t\t\t\t\t\t\t\t\t<\/div>\n\t\t\t\t\t\t\t\t\t<\/div>\n\t\t\t<\/div>\n\t\t                \t\t\t<div class=\"project-listing-item\" >\n\t\t\t\t<div class=\"project-thumbnail\" ><a href=\"https:\/\/ttc-solutions.com\/vi\/project\/fortune-telling-line\/\" title=\"Fortune Telling &#8211; LINE Corporation\" style=\"background-image: url(https:\/\/ttc-solutions.com\/wp-content\/uploads\/2021\/01\/fortune.png)\"><\/a><\/div>\n\t\t\t\t<div class=\"project-listing-details\">\n\t\t\t\t\t<a href=\"https:\/\/ttc-solutions.com\/vi\/project\/fortune-telling-line\/\" title=\"Fortune Telling &#8211; LINE Corporation\"><h3 class=\"project-listing-title\">Fortune Telling &#8211; LINE Corporation<\/h3><\/a>\n\t\t\t\t\t\t\t\t\t\t\t\t\t\t\t\t<div class=\"project-listing-category\" >\n\t\t\t\t\t\t\t\t\t\t\t\t\t\t\t\t\t\t\t\tApp Development\t\t\t\t\t\t\t,\t\t\t\t\t\t\t\t\t\t\t\t\t\t\t\t\t\t\t\t\tApp Development\t\t\t\t\t\t\t\t\t\t\t\t\t\t\t\t\t\t\t\t\t\t\t\t\t\t\t<\/div>\n\t\t\t\t\t\t\t\t\t<\/div>\n\t\t\t<\/div>\n\t\t                \t\t\t<div class=\"project-listing-item\" >\n\t\t\t\t<div class=\"project-thumbnail\" ><a href=\"https:\/\/ttc-solutions.com\/vi\/project\/internet-banking-system-for-mb-bank\/\" title=\"Payment System cho Viettel\" style=\"background-image: url(https:\/\/ttc-solutions.com\/wp-content\/uploads\/2021\/01\/payment.png)\"><\/a><\/div>\n\t\t\t\t<div class=\"project-listing-details\">\n\t\t\t\t\t<a href=\"https:\/\/ttc-solutions.com\/vi\/project\/internet-banking-system-for-mb-bank\/\" title=\"Payment System cho Viettel\"><h3 class=\"project-listing-title\">Payment System cho Viettel<\/h3><\/a>\n\t\t\t\t\t\t\t\t\t\t\t\t\t\t\t\t<div class=\"project-listing-category\" >\n\t\t\t\t\t\t\t\t\t\t\t\t\t\t\t\t\t\t\t\tIT Outsourcing\t\t\t\t\t\t\t\t\t\t\t\t\t\t\t\t\t\t\t\t\t\t\t\t\t\t\t<\/div>\n\t\t\t\t\t\t\t\t\t<\/div>\n\t\t\t<\/div>\n\t\t            <\/div>\r\n    <\/div><\/section>\n\n\n<p><\/p>\n","protected":false},"excerpt":{"rendered":"<p>Ch\u00fang t\u00f4i s\u1eb5n s\u00e0ng \u0111\u1ed3ng h\u00e0nh c\u00f9ng s\u1ef1 ph\u00e1t tri\u1ec3n d\u00e0i l\u00e2u c\u1ee7a Doanh nghi\u1ec7p<\/p>\n","protected":false},"author":1,"featured_media":0,"parent":0,"menu_order":0,"comment_status":"closed","ping_status":"closed","template":"template-full-width.php","meta":{"_editorskit_title_hidden":false,"_editorskit_reading_time":0,"_editorskit_is_block_options_detached":false,"_editorskit_block_options_position":"{}","_monsterinsights_skip_tracking":false,"_monsterinsights_sitenote_active":false,"_monsterinsights_sitenote_note":"","_monsterinsights_sitenote_category":0,"footnotes":""},"class_list":["post-520","page","type-page","status-publish","hentry"],"yoast_head":"<!-- This site is optimized with the Yoast SEO plugin v27.4 - https:\/\/yoast.com\/product\/yoast-seo-wordpress\/ -->\n<title>D\u1ef1 \u00e1n - TTC Solutions<\/title>\n<meta name=\"robots\" content=\"index, follow, max-snippet:-1, max-image-preview:large, max-video-preview:-1\" \/>\n<link rel=\"canonical\" href=\"https:\/\/ttc-solutions.com\/vi\/projects\/\" \/>\n<meta property=\"og:locale\" content=\"vi_VN\" \/>\n<meta property=\"og:type\" content=\"article\" \/>\n<meta property=\"og:title\" content=\"D\u1ef1 \u00e1n - TTC Solutions\" \/>\n<meta property=\"og:description\" content=\"Ch\u00fang t\u00f4i s\u1eb5n s\u00e0ng \u0111\u1ed3ng h\u00e0nh c\u00f9ng s\u1ef1 ph\u00e1t tri\u1ec3n d\u00e0i l\u00e2u c\u1ee7a Doanh nghi\u1ec7p\" \/>\n<meta property=\"og:url\" content=\"https:\/\/ttc-solutions.com\/vi\/projects\/\" \/>\n<meta property=\"og:site_name\" content=\"TTC Solutions\" \/>\n<meta property=\"article:modified_time\" content=\"2021-02-23T07:45:15+00:00\" \/>\n<meta name=\"twitter:card\" content=\"summary_large_image\" \/>\n<script type=\"application\/ld+json\" class=\"yoast-schema-graph\">{\"@context\":\"https:\\\/\\\/schema.org\",\"@graph\":[{\"@type\":\"WebPage\",\"@id\":\"https:\\\/\\\/ttc-solutions.com\\\/vi\\\/projects\\\/\",\"url\":\"https:\\\/\\\/ttc-solutions.com\\\/vi\\\/projects\\\/\",\"name\":\"D\u1ef1 \u00e1n - TTC Solutions\",\"isPartOf\":{\"@id\":\"https:\\\/\\\/ttc-solutions.com\\\/#website\"},\"datePublished\":\"2021-01-23T06:17:27+00:00\",\"dateModified\":\"2021-02-23T07:45:15+00:00\",\"breadcrumb\":{\"@id\":\"https:\\\/\\\/ttc-solutions.com\\\/vi\\\/projects\\\/#breadcrumb\"},\"inLanguage\":\"vi-VN\",\"potentialAction\":[{\"@type\":\"ReadAction\",\"target\":[\"https:\\\/\\\/ttc-solutions.com\\\/vi\\\/projects\\\/\"]}]},{\"@type\":\"BreadcrumbList\",\"@id\":\"https:\\\/\\\/ttc-solutions.com\\\/vi\\\/projects\\\/#breadcrumb\",\"itemListElement\":[{\"@type\":\"ListItem\",\"position\":1,\"name\":\"Home\",\"item\":\"https:\\\/\\\/ttc-solutions.com\\\/vi\\\/\"},{\"@type\":\"ListItem\",\"position\":2,\"name\":\"D\u1ef1 \u00e1n\"}]},{\"@type\":\"WebSite\",\"@id\":\"https:\\\/\\\/ttc-solutions.com\\\/#website\",\"url\":\"https:\\\/\\\/ttc-solutions.com\\\/\",\"name\":\"TTC Solutions\",\"description\":\"software, information technology\",\"potentialAction\":[{\"@type\":\"SearchAction\",\"target\":{\"@type\":\"EntryPoint\",\"urlTemplate\":\"https:\\\/\\\/ttc-solutions.com\\\/?s={search_term_string}\"},\"query-input\":{\"@type\":\"PropertyValueSpecification\",\"valueRequired\":true,\"valueName\":\"search_term_string\"}}],\"inLanguage\":\"vi-VN\"}]}<\/script>\n<!-- \/ Yoast SEO plugin. -->","yoast_head_json":{"title":"D\u1ef1 \u00e1n - TTC Solutions","robots":{"index":"index","follow":"follow","max-snippet":"max-snippet:-1","max-image-preview":"max-image-preview:large","max-video-preview":"max-video-preview:-1"},"canonical":"https:\/\/ttc-solutions.com\/vi\/projects\/","og_locale":"vi_VN","og_type":"article","og_title":"D\u1ef1 \u00e1n - TTC Solutions","og_description":"Ch\u00fang t\u00f4i s\u1eb5n s\u00e0ng \u0111\u1ed3ng h\u00e0nh c\u00f9ng s\u1ef1 ph\u00e1t tri\u1ec3n d\u00e0i l\u00e2u c\u1ee7a Doanh nghi\u1ec7p","og_url":"https:\/\/ttc-solutions.com\/vi\/projects\/","og_site_name":"TTC Solutions","article_modified_time":"2021-02-23T07:45:15+00:00","twitter_card":"summary_large_image","schema":{"@context":"https:\/\/schema.org","@graph":[{"@type":"WebPage","@id":"https:\/\/ttc-solutions.com\/vi\/projects\/","url":"https:\/\/ttc-solutions.com\/vi\/projects\/","name":"D\u1ef1 \u00e1n - TTC Solutions","isPartOf":{"@id":"https:\/\/ttc-solutions.com\/#website"},"datePublished":"2021-01-23T06:17:27+00:00","dateModified":"2021-02-23T07:45:15+00:00","breadcrumb":{"@id":"https:\/\/ttc-solutions.com\/vi\/projects\/#breadcrumb"},"inLanguage":"vi-VN","potentialAction":[{"@type":"ReadAction","target":["https:\/\/ttc-solutions.com\/vi\/projects\/"]}]},{"@type":"BreadcrumbList","@id":"https:\/\/ttc-solutions.com\/vi\/projects\/#breadcrumb","itemListElement":[{"@type":"ListItem","position":1,"name":"Home","item":"https:\/\/ttc-solutions.com\/vi\/"},{"@type":"ListItem","position":2,"name":"D\u1ef1 \u00e1n"}]},{"@type":"WebSite","@id":"https:\/\/ttc-solutions.com\/#website","url":"https:\/\/ttc-solutions.com\/","name":"TTC Solutions","description":"software, information technology","potentialAction":[{"@type":"SearchAction","target":{"@type":"EntryPoint","urlTemplate":"https:\/\/ttc-solutions.com\/?s={search_term_string}"},"query-input":{"@type":"PropertyValueSpecification","valueRequired":true,"valueName":"search_term_string"}}],"inLanguage":"vi-VN"}]}},"_links":{"self":[{"href":"https:\/\/ttc-solutions.com\/vi\/wp-json\/wp\/v2\/pages\/520","targetHints":{"allow":["GET"]}}],"collection":[{"href":"https:\/\/ttc-solutions.com\/vi\/wp-json\/wp\/v2\/pages"}],"about":[{"href":"https:\/\/ttc-solutions.com\/vi\/wp-json\/wp\/v2\/types\/page"}],"author":[{"embeddable":true,"href":"https:\/\/ttc-solutions.com\/vi\/wp-json\/wp\/v2\/users\/1"}],"replies":[{"embeddable":true,"href":"https:\/\/ttc-solutions.com\/vi\/wp-json\/wp\/v2\/comments?post=520"}],"version-history":[{"count":10,"href":"https:\/\/ttc-solutions.com\/vi\/wp-json\/wp\/v2\/pages\/520\/revisions"}],"predecessor-version":[{"id":790,"href":"https:\/\/ttc-solutions.com\/vi\/wp-json\/wp\/v2\/pages\/520\/revisions\/790"}],"wp:attachment":[{"href":"https:\/\/ttc-solutions.com\/vi\/wp-json\/wp\/v2\/media?parent=520"}],"curies":[{"name":"wp","href":"https:\/\/api.w.org\/{rel}","templated":true}]}}